{"id":3759,"date":"2024-04-24T20:12:10","date_gmt":"2024-04-24T18:12:10","guid":{"rendered":"https:\/\/www.tamisage.com\/tamiseur-securite\/"},"modified":"2024-05-16T13:57:13","modified_gmt":"2024-05-16T11:57:13","slug":"tamiz-seguridad","status":"publish","type":"page","link":"https:\/\/www.tamisage.com\/es\/tamiz-seguridad\/","title":{"rendered":"Tamiz de seguridad"},"content":{"rendered":"<p>Para garantizar a sus clientes una calidad de polvo impecable sin cuerpos extra\u00f1os, el tamizado de seguridad realiza, en su proceso, la separaci\u00f3n de los rechazos mediante un tamizado de control de alto caudal.<\/p>\n<p>SODEVA ha desarrollado especialmente una soluci\u00f3n para cabinas de pintura y le ofrece un equipo ultras\u00f3nico que garantiza una calidad \u00f3ptima del polvo de pintura en la entrada de sus pistolas. Su polvo nuevo y el polvo recuperado se tamizan en las mismas condiciones que su fabricante de polvo.<\/p>\n<p><img decoding=\"async\" class=\"wp-image-3268 size-large\" src=\"https:\/\/www.tamisage.com\/wp-content\/uploads\/2024\/04\/tamisage-de-securite-1024x474.jpg\" alt=\"SEPAR CLASS\" width=\"1024\" height=\"474\" srcset=\"https:\/\/www.tamisage.com\/wp-content\/uploads\/2024\/04\/tamisage-de-securite-1024x474.jpg 1024w, https:\/\/www.tamisage.com\/wp-content\/uploads\/2024\/04\/tamisage-de-securite-300x139.jpg 300w, https:\/\/www.tamisage.com\/wp-content\/uploads\/2024\/04\/tamisage-de-securite-768x356.jpg 768w, https:\/\/www.tamisage.com\/wp-content\/uploads\/2024\/04\/tamisage-de-securite.jpg 1449w\" sizes=\"(max-width: 1024px) 100vw, 1024px\" \/><\/p>\n","protected":false},"excerpt":{"rendered":"<p>Para garantizar a sus clientes una calidad de polvo impecable sin cuerpos extra\u00f1os, el tamizado de seguridad realiza, en su proceso, la separaci\u00f3n de los rechazos mediante un tamizado de control de alto caudal. SODEVA ha desarrollado especialmente una soluci\u00f3n para cabinas de pintura y le ofrece un equipo ultras\u00f3nico que garantiza una calidad \u00f3ptima [&hellip;]<\/p>\n","protected":false},"author":1,"featured_media":0,"parent":0,"menu_order":0,"comment_status":"closed","ping_status":"closed","template":"","meta":{"_acf_changed":false,"footnotes":""},"class_list":["post-3759","page","type-page","status-publish","hentry"],"acf":[],"_links":{"self":[{"href":"https:\/\/www.tamisage.com\/es\/wp-json\/wp\/v2\/pages\/3759","targetHints":{"allow":["GET"]}}],"collection":[{"href":"https:\/\/www.tamisage.com\/es\/wp-json\/wp\/v2\/pages"}],"about":[{"href":"https:\/\/www.tamisage.com\/es\/wp-json\/wp\/v2\/types\/page"}],"author":[{"embeddable":true,"href":"https:\/\/www.tamisage.com\/es\/wp-json\/wp\/v2\/users\/1"}],"replies":[{"embeddable":true,"href":"https:\/\/www.tamisage.com\/es\/wp-json\/wp\/v2\/comments?post=3759"}],"version-history":[{"count":2,"href":"https:\/\/www.tamisage.com\/es\/wp-json\/wp\/v2\/pages\/3759\/revisions"}],"predecessor-version":[{"id":3829,"href":"https:\/\/www.tamisage.com\/es\/wp-json\/wp\/v2\/pages\/3759\/revisions\/3829"}],"wp:attachment":[{"href":"https:\/\/www.tamisage.com\/es\/wp-json\/wp\/v2\/media?parent=3759"}],"curies":[{"name":"wp","href":"https:\/\/api.w.org\/{rel}","templated":true}]}}