{"id":3750,"date":"2024-04-24T21:07:43","date_gmt":"2024-04-24T19:07:43","guid":{"rendered":"https:\/\/www.tamisage.com\/locations-de-tamiseurs\/"},"modified":"2024-05-16T00:18:35","modified_gmt":"2024-05-15T22:18:35","slug":"alquileres-de-tamiseurs","status":"publish","type":"page","link":"https:\/\/www.tamisage.com\/es\/alquileres-de-tamiseurs\/","title":{"rendered":"Alquileres de Tamiseurs"},"content":{"rendered":"<p>Ofrecemos estos Tamisores o filtros de alquiler, p\u00f3ngase en contacto con nosotros!<\/p>\n<p>Disponibles en la actualidad:<\/p>\n<ul>\n<li>4 mesas de 600 mm de di\u00e1metro<\/li>\n<li>2 mesas de 900 mm de di\u00e1metro<\/li>\n<li>1 filtro de suero de 1200 mm de di\u00e1metro<\/li>\n<li>1 pasillo vibratorio de servicio<\/li>\n<\/ul>\n","protected":false},"excerpt":{"rendered":"<p>Ofrecemos estos Tamisores o filtros de alquiler, p\u00f3ngase en contacto con nosotros! Disponibles en la actualidad: 4 mesas de 600 mm de di\u00e1metro 2 mesas de 900 mm de di\u00e1metro 1 filtro de suero de 1200 mm de di\u00e1metro 1 pasillo vibratorio de servicio<\/p>\n","protected":false},"author":1,"featured_media":0,"parent":0,"menu_order":0,"comment_status":"closed","ping_status":"closed","template":"","meta":{"_acf_changed":false,"footnotes":""},"class_list":["post-3750","page","type-page","status-publish","hentry"],"acf":[],"_links":{"self":[{"href":"https:\/\/www.tamisage.com\/es\/wp-json\/wp\/v2\/pages\/3750","targetHints":{"allow":["GET"]}}],"collection":[{"href":"https:\/\/www.tamisage.com\/es\/wp-json\/wp\/v2\/pages"}],"about":[{"href":"https:\/\/www.tamisage.com\/es\/wp-json\/wp\/v2\/types\/page"}],"author":[{"embeddable":true,"href":"https:\/\/www.tamisage.com\/es\/wp-json\/wp\/v2\/users\/1"}],"replies":[{"embeddable":true,"href":"https:\/\/www.tamisage.com\/es\/wp-json\/wp\/v2\/comments?post=3750"}],"version-history":[{"count":2,"href":"https:\/\/www.tamisage.com\/es\/wp-json\/wp\/v2\/pages\/3750\/revisions"}],"predecessor-version":[{"id":3807,"href":"https:\/\/www.tamisage.com\/es\/wp-json\/wp\/v2\/pages\/3750\/revisions\/3807"}],"wp:attachment":[{"href":"https:\/\/www.tamisage.com\/es\/wp-json\/wp\/v2\/media?parent=3750"}],"curies":[{"name":"wp","href":"https:\/\/api.w.org\/{rel}","templated":true}]}}