{"id":3744,"date":"2024-04-24T20:54:57","date_gmt":"2024-04-24T18:54:57","guid":{"rendered":"https:\/\/www.tamisage.com\/filtres-a-serum-de-fromageries\/"},"modified":"2024-05-16T13:57:53","modified_gmt":"2024-05-16T11:57:53","slug":"filtros-de-suero-de-queso","status":"publish","type":"page","link":"https:\/\/www.tamisage.com\/es\/filtros-de-suero-de-queso\/","title":{"rendered":"Filtros de suero de queso"},"content":{"rendered":"<p>Para filtrar las part\u00edculas s\u00f3lidas en sus soluciones, SODEVA, fabricante y fabricante franc\u00e9s de equipos industriales y ultras\u00f3nicos le propone la soluci\u00f3n de filtraci\u00f3n capaz de recibir sus l\u00edquidos a caudales elevados (40m3\/h) para devolverlos limpios de part\u00edculas superiores a 20 \u00b5m. El s\u00f3lido seco se elimina autom\u00e1ticamente del tamiz.<\/p>\n<p>La filtraci\u00f3n permite la extracci\u00f3n de prote\u00ednas, lactosa o lactoreemplazos en complementos alimenticios.<\/p>\n<p>Con boquillas de limpieza integradas para permitir un funcionamiento permanente. Proceso de limpieza C.I.P, rampas de lavado con bolas de chorro omnidireccionales, parte alta en la tapa, bajo en la virola inferior debajo de la lona y en las canaletas.<\/p>\n<p>La tasa de filtraci\u00f3n es de 40\/50 m\u00b3 hora, podemos poner en serie varios filtros.<\/p>\n<p>EXTRACCIONES:<\/p>\n<ul>\n<li>Lactosueros dulces o \u00e1cidos<\/li>\n<li>Prote\u00ednas globulares<\/li>\n<li>lactosa<\/li>\n<li>Lactoreemplazos<\/li>\n<li>Concentrados<\/li>\n<li>Case\u00edna<\/li>\n<li>prote\u00ednas s\u00e9ricas, (lactoglobulinas, alb\u00faminas, lactoferrinas, caseinonomacrop\u00e9ptidos)<\/li>\n<li>Producci\u00f3n de quesos (recocido, ricotta, serac...)<\/li>\n<\/ul>\n<p>LIMPIEZA EN EL LUGAR<\/p>\n<ul>\n<li>Limpieza en su lugar con soluciones de sosa al 2% 70 \u00ba C y \u00e1cido n\u00edtrico al 1,5% 60 \u00ba C. Estos Tamisores filtros no se desmontan en cada producci\u00f3n porque disponen de su propio sistema de limpieza integrado.<\/li>\n<\/ul>\n\n\t\t<style type=\"text\/css\">\n\t\t\t#gallery-1 {\n\t\t\t\tmargin: auto;\n\t\t\t}\n\t\t\t#gallery-1 .gallery-item {\n\t\t\t\tfloat: left;\n\t\t\t\tmargin-top: 10px;\n\t\t\t\ttext-align: center;\n\t\t\t\twidth: 33%;\n\t\t\t}\n\t\t\t#gallery-1 img {\n\t\t\t\tborder: 2px solid #cfcfcf;\n\t\t\t}\n\t\t\t#gallery-1 .gallery-caption {\n\t\t\t\tmargin-left: 0;\n\t\t\t}\n\t\t\t\/* see gallery_shortcode() in wp-includes\/media.php *\/\n\t\t<\/style>\n\t\t<div id='gallery-1' class='gallery galleryid-3744 gallery-columns-3 gallery-size-medium'><dl class='gallery-item'>\n\t\t\t<dt class='gallery-icon landscape'>\n\t\t\t\t<a href='https:\/\/www.tamisage.com\/wp-content\/uploads\/2024\/04\/Filtre-en-place-7.jpg'><img decoding=\"async\" width=\"300\" height=\"225\" src=\"https:\/\/www.tamisage.com\/wp-content\/uploads\/2024\/04\/Filtre-en-place-7-300x225.jpg\" class=\"attachment-medium size-medium\" alt=\"Filtre En Place\" aria-describedby=\"gallery-1-3293\" srcset=\"https:\/\/www.tamisage.com\/wp-content\/uploads\/2024\/04\/Filtre-en-place-7-300x225.jpg 300w, https:\/\/www.tamisage.com\/wp-content\/uploads\/2024\/04\/Filtre-en-place-7-1024x768.jpg 1024w, https:\/\/www.tamisage.com\/wp-content\/uploads\/2024\/04\/Filtre-en-place-7-768x576.jpg 768w, https:\/\/www.tamisage.com\/wp-content\/uploads\/2024\/04\/Filtre-en-place-7.jpg 1440w\" sizes=\"(max-width: 300px) 100vw, 300px\" \/><\/a>\n\t\t\t<\/dt>\n\t\t\t\t<dd class='wp-caption-text gallery-caption' id='gallery-1-3293'>\n\t\t\t\tFiltre En Place\n\t\t\t\t<\/dd><\/dl><dl class='gallery-item'>\n\t\t\t<dt class='gallery-icon landscape'>\n\t\t\t\t<a href='https:\/\/www.tamisage.com\/wp-content\/uploads\/2024\/04\/Filtres-sur-site-en-fromagerie-6.jpg'><img decoding=\"async\" width=\"300\" height=\"225\" src=\"https:\/\/www.tamisage.com\/wp-content\/uploads\/2024\/04\/Filtres-sur-site-en-fromagerie-6-300x225.jpg\" class=\"attachment-medium size-medium\" alt=\"Filtres Sur Site En Fromagerie\" aria-describedby=\"gallery-1-3297\" srcset=\"https:\/\/www.tamisage.com\/wp-content\/uploads\/2024\/04\/Filtres-sur-site-en-fromagerie-6-300x225.jpg 300w, https:\/\/www.tamisage.com\/wp-content\/uploads\/2024\/04\/Filtres-sur-site-en-fromagerie-6-1024x768.jpg 1024w, https:\/\/www.tamisage.com\/wp-content\/uploads\/2024\/04\/Filtres-sur-site-en-fromagerie-6-768x576.jpg 768w, https:\/\/www.tamisage.com\/wp-content\/uploads\/2024\/04\/Filtres-sur-site-en-fromagerie-6.jpg 1440w\" sizes=\"(max-width: 300px) 100vw, 300px\" \/><\/a>\n\t\t\t<\/dt>\n\t\t\t\t<dd class='wp-caption-text gallery-caption' id='gallery-1-3297'>\n\t\t\t\tFiltres Sur Site En Fromagerie\n\t\t\t\t<\/dd><\/dl><dl class='gallery-item'>\n\t\t\t<dt class='gallery-icon portrait'>\n\t\t\t\t<a href='https:\/\/www.tamisage.com\/wp-content\/uploads\/2024\/04\/Resultats-extraction-5.jpg'><img decoding=\"async\" width=\"169\" height=\"300\" src=\"https:\/\/www.tamisage.com\/wp-content\/uploads\/2024\/04\/Resultats-extraction-5-169x300.jpg\" class=\"attachment-medium size-medium\" alt=\"R\u00e9sultats Extraction\" aria-describedby=\"gallery-1-3301\" srcset=\"https:\/\/www.tamisage.com\/wp-content\/uploads\/2024\/04\/Resultats-extraction-5-169x300.jpg 169w, https:\/\/www.tamisage.com\/wp-content\/uploads\/2024\/04\/Resultats-extraction-5-576x1024.jpg 576w, https:\/\/www.tamisage.com\/wp-content\/uploads\/2024\/04\/Resultats-extraction-5.jpg 607w\" sizes=\"(max-width: 169px) 100vw, 169px\" \/><\/a>\n\t\t\t<\/dt>\n\t\t\t\t<dd class='wp-caption-text gallery-caption' id='gallery-1-3301'>\n\t\t\t\tR\u00e9sultats Extraction\n\t\t\t\t<\/dd><\/dl><br style=\"clear: both\" \/>\n\t\t<\/div>\n\n","protected":false},"excerpt":{"rendered":"<p>Para filtrar las part\u00edculas s\u00f3lidas en sus soluciones, SODEVA, fabricante y fabricante franc\u00e9s de equipos industriales y ultras\u00f3nicos le propone la soluci\u00f3n de filtraci\u00f3n capaz de recibir sus l\u00edquidos a caudales elevados (40m3\/h) para devolverlos limpios de part\u00edculas superiores a 20 \u00b5m. El s\u00f3lido seco se elimina autom\u00e1ticamente del tamiz. La filtraci\u00f3n permite la extracci\u00f3n [&hellip;]<\/p>\n","protected":false},"author":1,"featured_media":0,"parent":0,"menu_order":0,"comment_status":"closed","ping_status":"closed","template":"","meta":{"_acf_changed":false,"footnotes":""},"class_list":["post-3744","page","type-page","status-publish","hentry"],"acf":[],"_links":{"self":[{"href":"https:\/\/www.tamisage.com\/es\/wp-json\/wp\/v2\/pages\/3744","targetHints":{"allow":["GET"]}}],"collection":[{"href":"https:\/\/www.tamisage.com\/es\/wp-json\/wp\/v2\/pages"}],"about":[{"href":"https:\/\/www.tamisage.com\/es\/wp-json\/wp\/v2\/types\/page"}],"author":[{"embeddable":true,"href":"https:\/\/www.tamisage.com\/es\/wp-json\/wp\/v2\/users\/1"}],"replies":[{"embeddable":true,"href":"https:\/\/www.tamisage.com\/es\/wp-json\/wp\/v2\/comments?post=3744"}],"version-history":[{"count":2,"href":"https:\/\/www.tamisage.com\/es\/wp-json\/wp\/v2\/pages\/3744\/revisions"}],"predecessor-version":[{"id":3793,"href":"https:\/\/www.tamisage.com\/es\/wp-json\/wp\/v2\/pages\/3744\/revisions\/3793"}],"wp:attachment":[{"href":"https:\/\/www.tamisage.com\/es\/wp-json\/wp\/v2\/media?parent=3744"}],"curies":[{"name":"wp","href":"https:\/\/api.w.org\/{rel}","templated":true}]}}