{"id":3738,"date":"2024-04-24T20:34:45","date_gmt":"2024-04-24T18:34:45","guid":{"rendered":"https:\/\/www.tamisage.com\/emetteurs-atex\/"},"modified":"2024-05-16T00:05:58","modified_gmt":"2024-05-15T22:05:58","slug":"emisores-atex","status":"publish","type":"page","link":"https:\/\/www.tamisage.com\/es\/emisores-atex\/","title":{"rendered":"Emisores ATEX"},"content":{"rendered":"<p>Algunos polvos pueden inflamarse o concentrar polvo con riesgo de explosi\u00f3n. Sodeva ha hecho certificar por el INERIS sus emisores ultras\u00f3nicos situados en los Tamisores. Los emisores Sodeva est\u00e1n certificados ATEX polvo. Cons\u00faltenos para estos suministros sensibles y sujetos a complejos materiales de control de producci\u00f3n.<\/p>\n","protected":false},"excerpt":{"rendered":"<p>Algunos polvos pueden inflamarse o concentrar polvo con riesgo de explosi\u00f3n. Sodeva ha hecho certificar por el INERIS sus emisores ultras\u00f3nicos situados en los Tamisores. Los emisores Sodeva est\u00e1n certificados ATEX polvo. Cons\u00faltenos para estos suministros sensibles y sujetos a complejos materiales de control de producci\u00f3n.<\/p>\n","protected":false},"author":1,"featured_media":0,"parent":0,"menu_order":0,"comment_status":"closed","ping_status":"closed","template":"","meta":{"_acf_changed":false,"footnotes":""},"class_list":["post-3738","page","type-page","status-publish","hentry"],"acf":[],"_links":{"self":[{"href":"https:\/\/www.tamisage.com\/es\/wp-json\/wp\/v2\/pages\/3738","targetHints":{"allow":["GET"]}}],"collection":[{"href":"https:\/\/www.tamisage.com\/es\/wp-json\/wp\/v2\/pages"}],"about":[{"href":"https:\/\/www.tamisage.com\/es\/wp-json\/wp\/v2\/types\/page"}],"author":[{"embeddable":true,"href":"https:\/\/www.tamisage.com\/es\/wp-json\/wp\/v2\/users\/1"}],"replies":[{"embeddable":true,"href":"https:\/\/www.tamisage.com\/es\/wp-json\/wp\/v2\/comments?post=3738"}],"version-history":[{"count":3,"href":"https:\/\/www.tamisage.com\/es\/wp-json\/wp\/v2\/pages\/3738\/revisions"}],"predecessor-version":[{"id":3782,"href":"https:\/\/www.tamisage.com\/es\/wp-json\/wp\/v2\/pages\/3738\/revisions\/3782"}],"wp:attachment":[{"href":"https:\/\/www.tamisage.com\/es\/wp-json\/wp\/v2\/media?parent=3738"}],"curies":[{"name":"wp","href":"https:\/\/api.w.org\/{rel}","templated":true}]}}