{"id":1580,"date":"2022-10-18T13:36:32","date_gmt":"2022-10-18T11:36:32","guid":{"rendered":"https:\/\/www.sodeva.com\/location-machines-decoupe\/"},"modified":"2023-03-04T15:09:55","modified_gmt":"2023-03-04T14:09:55","slug":"showroom","status":"publish","type":"page","link":"https:\/\/www.tamisage.com\/es\/showroom\/","title":{"rendered":"Showroom"},"content":{"rendered":"<p>Las ferias y exposiciones no permiten probar sus productos.<\/p>\n<p>Por ello, disponemos de m\u00e1quinas en nuestra sala de exposici\u00f3n para probar el corte de sus productos. Disponemos de una c\u00e1mara frigor\u00edfica para recibir los productos y proceder a las pruebas de corte con las distintas cuchillas en stock y elegir las mejores combinaciones de corte.<\/p>\n<p>Se utilizan b\u00e1sculas para comprobar los cortes a peso fijo, se analizan las dimensiones de corte, las velocidades y las temperaturas para su optimizaci\u00f3n.<\/p>\n<p>&nbsp;<\/p>\n<div id=\"attachment_550\" style=\"width: 310px\" class=\"wp-caption aligncenter\"><img decoding=\"async\" aria-describedby=\"caption-attachment-550\" class=\"size-medium wp-image-550\" src=\"https:\/\/www.tamisage.com\/wp-content\/uploads\/2022\/10\/location-machines-300x126.jpg\" alt=\"Location Machines\" width=\"300\" height=\"126\" srcset=\"https:\/\/www.tamisage.com\/wp-content\/uploads\/2022\/10\/location-machines-300x126.jpg 300w, https:\/\/www.tamisage.com\/wp-content\/uploads\/2022\/10\/location-machines.jpg 602w\" sizes=\"(max-width: 300px) 100vw, 300px\" \/><p id=\"caption-attachment-550\" class=\"wp-caption-text\">Showroom<\/p><\/div>\n","protected":false},"excerpt":{"rendered":"<p>Las ferias y exposiciones no permiten probar sus productos. Por ello, disponemos de m\u00e1quinas en nuestra sala de exposici\u00f3n para probar el corte de sus productos. Disponemos de una c\u00e1mara frigor\u00edfica para recibir los productos y proceder a las pruebas de corte con las distintas cuchillas en stock y elegir las mejores combinaciones de corte. [&hellip;]<\/p>\n","protected":false},"author":1,"featured_media":0,"parent":0,"menu_order":0,"comment_status":"closed","ping_status":"closed","template":"","meta":{"_acf_changed":false,"footnotes":""},"class_list":["post-1580","page","type-page","status-publish","hentry"],"acf":[],"_links":{"self":[{"href":"https:\/\/www.tamisage.com\/es\/wp-json\/wp\/v2\/pages\/1580","targetHints":{"allow":["GET"]}}],"collection":[{"href":"https:\/\/www.tamisage.com\/es\/wp-json\/wp\/v2\/pages"}],"about":[{"href":"https:\/\/www.tamisage.com\/es\/wp-json\/wp\/v2\/types\/page"}],"author":[{"embeddable":true,"href":"https:\/\/www.tamisage.com\/es\/wp-json\/wp\/v2\/users\/1"}],"replies":[{"embeddable":true,"href":"https:\/\/www.tamisage.com\/es\/wp-json\/wp\/v2\/comments?post=1580"}],"version-history":[{"count":5,"href":"https:\/\/www.tamisage.com\/es\/wp-json\/wp\/v2\/pages\/1580\/revisions"}],"predecessor-version":[{"id":2324,"href":"https:\/\/www.tamisage.com\/es\/wp-json\/wp\/v2\/pages\/1580\/revisions\/2324"}],"wp:attachment":[{"href":"https:\/\/www.tamisage.com\/es\/wp-json\/wp\/v2\/media?parent=1580"}],"curies":[{"name":"wp","href":"https:\/\/api.w.org\/{rel}","templated":true}]}}