{"id":3758,"date":"2024-04-24T20:12:10","date_gmt":"2024-04-24T18:12:10","guid":{"rendered":"https:\/\/www.tamisage.com\/tamiseur-securite\/"},"modified":"2024-05-16T14:11:57","modified_gmt":"2024-05-16T12:11:57","slug":"vorrichtung-zum-sichten-von-gegenstaenden","status":"publish","type":"page","link":"https:\/\/www.tamisage.com\/de\/vorrichtung-zum-sichten-von-gegenstaenden\/","title":{"rendered":"Vorrichtung zum Sichten von Gegenst\u00e4nden"},"content":{"rendered":"<p>Um Ihren Kunden eine einwandfreie Pulverqualit\u00e4t ohne Fremdk\u00f6rper zu garantieren, erfolgt die Sicherheitssiebung in Ihrem Prozess die Trennung von R\u00fcckst\u00e4nden durch eine Kontrollsiebung mit hohem Durchsatz.<\/p>\n<p>SODEVA hat speziell f\u00fcr Lackierkabinen eine L\u00f6sung entwickelt und bietet Ihnen eine Ultraschallausr\u00fcstung, die eine optimale Qualit\u00e4t des Lackpulvers am Eingang Ihrer Pistolen garantiert. Ihr neues Pulver und das wiedergewonnene Pulver werden unter den gleichen Bedingungen gesiebt wie bei Ihrem Pulverhersteller.<\/p>\n<p><img decoding=\"async\" class=\"wp-image-3268 size-large\" src=\"https:\/\/www.tamisage.com\/wp-content\/uploads\/2024\/04\/tamisage-de-securite-1024x474.jpg\" alt=\"SEPAR CLASS\" width=\"1024\" height=\"474\" srcset=\"https:\/\/www.tamisage.com\/wp-content\/uploads\/2024\/04\/tamisage-de-securite-1024x474.jpg 1024w, https:\/\/www.tamisage.com\/wp-content\/uploads\/2024\/04\/tamisage-de-securite-300x139.jpg 300w, https:\/\/www.tamisage.com\/wp-content\/uploads\/2024\/04\/tamisage-de-securite-768x356.jpg 768w, https:\/\/www.tamisage.com\/wp-content\/uploads\/2024\/04\/tamisage-de-securite.jpg 1449w\" sizes=\"(max-width: 1024px) 100vw, 1024px\" \/><\/p>\n","protected":false},"excerpt":{"rendered":"<p>Um Ihren Kunden eine einwandfreie Pulverqualit\u00e4t ohne Fremdk\u00f6rper zu garantieren, erfolgt die Sicherheitssiebung in Ihrem Prozess die Trennung von R\u00fcckst\u00e4nden durch eine Kontrollsiebung mit hohem Durchsatz. SODEVA hat speziell f\u00fcr Lackierkabinen eine L\u00f6sung entwickelt und bietet Ihnen eine Ultraschallausr\u00fcstung, die eine optimale Qualit\u00e4t des Lackpulvers am Eingang Ihrer Pistolen garantiert. Ihr neues Pulver und das [&hellip;]<\/p>\n","protected":false},"author":1,"featured_media":0,"parent":0,"menu_order":0,"comment_status":"closed","ping_status":"closed","template":"","meta":{"_acf_changed":false,"footnotes":""},"class_list":["post-3758","page","type-page","status-publish","hentry"],"acf":[],"_links":{"self":[{"href":"https:\/\/www.tamisage.com\/de\/wp-json\/wp\/v2\/pages\/3758","targetHints":{"allow":["GET"]}}],"collection":[{"href":"https:\/\/www.tamisage.com\/de\/wp-json\/wp\/v2\/pages"}],"about":[{"href":"https:\/\/www.tamisage.com\/de\/wp-json\/wp\/v2\/types\/page"}],"author":[{"embeddable":true,"href":"https:\/\/www.tamisage.com\/de\/wp-json\/wp\/v2\/users\/1"}],"replies":[{"embeddable":true,"href":"https:\/\/www.tamisage.com\/de\/wp-json\/wp\/v2\/comments?post=3758"}],"version-history":[{"count":2,"href":"https:\/\/www.tamisage.com\/de\/wp-json\/wp\/v2\/pages\/3758\/revisions"}],"predecessor-version":[{"id":3830,"href":"https:\/\/www.tamisage.com\/de\/wp-json\/wp\/v2\/pages\/3758\/revisions\/3830"}],"wp:attachment":[{"href":"https:\/\/www.tamisage.com\/de\/wp-json\/wp\/v2\/media?parent=3758"}],"curies":[{"name":"wp","href":"https:\/\/api.w.org\/{rel}","templated":true}]}}