{"id":3743,"date":"2024-04-24T20:54:57","date_gmt":"2024-04-24T18:54:57","guid":{"rendered":"https:\/\/www.tamisage.com\/filtres-a-serum-de-fromageries\/"},"modified":"2024-05-16T14:12:43","modified_gmt":"2024-05-16T12:12:43","slug":"filter-des-serums-aus-kaesereien","status":"publish","type":"page","link":"https:\/\/www.tamisage.com\/de\/filter-des-serums-aus-kaesereien\/","title":{"rendered":"Filter des Serums aus K\u00e4sereien"},"content":{"rendered":"<p>Um Feststoffpartikel in Ihren L\u00f6sungen zu filtern, bietet Ihnen SODEVA, ein franz\u00f6sischer Hersteller und Hersteller von industriellen Schwingsieben und Ultraschallger\u00e4ten, die Filterl\u00f6sung, die Ihre Fl\u00fcssigkeiten mit hohen Durchflussraten (40m3\/h) aufnehmen kann um Partikel \u00fcber 20 \u00b5m sauber zu machen. Der ausgetrocknete Feststoff wird automatisch aus dem Sieb abgef\u00fchrt.<\/p>\n<p>Die Filtration erm\u00f6glicht die Extraktion von Proteinen, Laktose oder Laktose-Ersatz in Nahrungserg\u00e4nzungsmitteln.<\/p>\n<p>Mit eingebauten Reinigungsd\u00fcsen f\u00fcr dauerhaften Betrieb. Reinigungsverfahren C.I.P, Waschrampen mit omnidirektionalen Strahlkugeln, hoher Teil im Deckel, niedriger Teil im unteren Mantel unter dem Tuch und in den Rinnen.<\/p>\n<p>Der Filtrationsdurchsatz betr\u00e4gt 40\/50 m\u00b3 Stunde, wir k\u00f6nnen mehrere Filter in Serie bringen.<\/p>\n<p>EXTRAKTIONEN:<\/p>\n<ul>\n<li>Molke, mild oder sauer<\/li>\n<li>Globul\u00e4re Proteine<\/li>\n<li>laktose<\/li>\n<li>Lactosubstitutoren<\/li>\n<li>Konzentriert<\/li>\n<li>Casein<\/li>\n<li>Serumproteine (Lactoglobuline, Albumine, Lactoferrine, Kaseinanomacropeptide)<\/li>\n<li>Herstellung von K\u00e4se (Gl\u00fchen, Ricotta, Serac ...)<\/li>\n<\/ul>\n<p>REINIGEN<\/p>\n<ul>\n<li>Vor-Ort-Reinigung mit 2% Natronlauge 70\u00b0C und 1.5% Salpeters\u00e4ure 60\u00b0C. Diese Filtersiebe lassen sich nicht bei jeder Produktion demontieren, da sie \u00fcber ein eigenes integriertes Reinigungssystem verf\u00fcgen.<\/li>\n<\/ul>\n\n\t\t<style type=\"text\/css\">\n\t\t\t#gallery-1 {\n\t\t\t\tmargin: auto;\n\t\t\t}\n\t\t\t#gallery-1 .gallery-item {\n\t\t\t\tfloat: left;\n\t\t\t\tmargin-top: 10px;\n\t\t\t\ttext-align: center;\n\t\t\t\twidth: 33%;\n\t\t\t}\n\t\t\t#gallery-1 img {\n\t\t\t\tborder: 2px solid #cfcfcf;\n\t\t\t}\n\t\t\t#gallery-1 .gallery-caption {\n\t\t\t\tmargin-left: 0;\n\t\t\t}\n\t\t\t\/* see gallery_shortcode() in wp-includes\/media.php *\/\n\t\t<\/style>\n\t\t<div id='gallery-1' class='gallery galleryid-3743 gallery-columns-3 gallery-size-medium'><dl class='gallery-item'>\n\t\t\t<dt class='gallery-icon landscape'>\n\t\t\t\t<a href='https:\/\/www.tamisage.com\/wp-content\/uploads\/2024\/04\/Filtre-en-place-7.jpg'><img decoding=\"async\" width=\"300\" height=\"225\" src=\"https:\/\/www.tamisage.com\/wp-content\/uploads\/2024\/04\/Filtre-en-place-7-300x225.jpg\" class=\"attachment-medium size-medium\" alt=\"Filtre En Place\" aria-describedby=\"gallery-1-3292\" srcset=\"https:\/\/www.tamisage.com\/wp-content\/uploads\/2024\/04\/Filtre-en-place-7-300x225.jpg 300w, https:\/\/www.tamisage.com\/wp-content\/uploads\/2024\/04\/Filtre-en-place-7-1024x768.jpg 1024w, https:\/\/www.tamisage.com\/wp-content\/uploads\/2024\/04\/Filtre-en-place-7-768x576.jpg 768w, https:\/\/www.tamisage.com\/wp-content\/uploads\/2024\/04\/Filtre-en-place-7.jpg 1440w\" sizes=\"(max-width: 300px) 100vw, 300px\" \/><\/a>\n\t\t\t<\/dt>\n\t\t\t\t<dd class='wp-caption-text gallery-caption' id='gallery-1-3292'>\n\t\t\t\tFiltre En Place\n\t\t\t\t<\/dd><\/dl><dl class='gallery-item'>\n\t\t\t<dt class='gallery-icon landscape'>\n\t\t\t\t<a href='https:\/\/www.tamisage.com\/wp-content\/uploads\/2024\/04\/Filtres-sur-site-en-fromagerie-6.jpg'><img decoding=\"async\" width=\"300\" height=\"225\" src=\"https:\/\/www.tamisage.com\/wp-content\/uploads\/2024\/04\/Filtres-sur-site-en-fromagerie-6-300x225.jpg\" class=\"attachment-medium size-medium\" alt=\"Filtres Sur Site En Fromagerie\" aria-describedby=\"gallery-1-3296\" srcset=\"https:\/\/www.tamisage.com\/wp-content\/uploads\/2024\/04\/Filtres-sur-site-en-fromagerie-6-300x225.jpg 300w, https:\/\/www.tamisage.com\/wp-content\/uploads\/2024\/04\/Filtres-sur-site-en-fromagerie-6-1024x768.jpg 1024w, https:\/\/www.tamisage.com\/wp-content\/uploads\/2024\/04\/Filtres-sur-site-en-fromagerie-6-768x576.jpg 768w, https:\/\/www.tamisage.com\/wp-content\/uploads\/2024\/04\/Filtres-sur-site-en-fromagerie-6.jpg 1440w\" sizes=\"(max-width: 300px) 100vw, 300px\" \/><\/a>\n\t\t\t<\/dt>\n\t\t\t\t<dd class='wp-caption-text gallery-caption' id='gallery-1-3296'>\n\t\t\t\tFiltres Sur Site En Fromagerie\n\t\t\t\t<\/dd><\/dl><dl class='gallery-item'>\n\t\t\t<dt class='gallery-icon portrait'>\n\t\t\t\t<a href='https:\/\/www.tamisage.com\/wp-content\/uploads\/2024\/04\/Resultats-extraction-5.jpg'><img decoding=\"async\" width=\"169\" height=\"300\" src=\"https:\/\/www.tamisage.com\/wp-content\/uploads\/2024\/04\/Resultats-extraction-5-169x300.jpg\" class=\"attachment-medium size-medium\" alt=\"R\u00e9sultats Extraction\" aria-describedby=\"gallery-1-3300\" srcset=\"https:\/\/www.tamisage.com\/wp-content\/uploads\/2024\/04\/Resultats-extraction-5-169x300.jpg 169w, https:\/\/www.tamisage.com\/wp-content\/uploads\/2024\/04\/Resultats-extraction-5-576x1024.jpg 576w, https:\/\/www.tamisage.com\/wp-content\/uploads\/2024\/04\/Resultats-extraction-5.jpg 607w\" sizes=\"(max-width: 169px) 100vw, 169px\" \/><\/a>\n\t\t\t<\/dt>\n\t\t\t\t<dd class='wp-caption-text gallery-caption' id='gallery-1-3300'>\n\t\t\t\tR\u00e9sultats Extraction\n\t\t\t\t<\/dd><\/dl><br style=\"clear: both\" \/>\n\t\t<\/div>\n\n","protected":false},"excerpt":{"rendered":"<p>Um Feststoffpartikel in Ihren L\u00f6sungen zu filtern, bietet Ihnen SODEVA, ein franz\u00f6sischer Hersteller und Hersteller von industriellen Schwingsieben und Ultraschallger\u00e4ten, die Filterl\u00f6sung, die Ihre Fl\u00fcssigkeiten mit hohen Durchflussraten (40m3\/h) aufnehmen kann um Partikel \u00fcber 20 \u00b5m sauber zu machen. Der ausgetrocknete Feststoff wird automatisch aus dem Sieb abgef\u00fchrt. Die Filtration erm\u00f6glicht die Extraktion von Proteinen, [&hellip;]<\/p>\n","protected":false},"author":1,"featured_media":0,"parent":0,"menu_order":0,"comment_status":"closed","ping_status":"closed","template":"","meta":{"_acf_changed":false,"footnotes":""},"class_list":["post-3743","page","type-page","status-publish","hentry"],"acf":[],"_links":{"self":[{"href":"https:\/\/www.tamisage.com\/de\/wp-json\/wp\/v2\/pages\/3743","targetHints":{"allow":["GET"]}}],"collection":[{"href":"https:\/\/www.tamisage.com\/de\/wp-json\/wp\/v2\/pages"}],"about":[{"href":"https:\/\/www.tamisage.com\/de\/wp-json\/wp\/v2\/types\/page"}],"author":[{"embeddable":true,"href":"https:\/\/www.tamisage.com\/de\/wp-json\/wp\/v2\/users\/1"}],"replies":[{"embeddable":true,"href":"https:\/\/www.tamisage.com\/de\/wp-json\/wp\/v2\/comments?post=3743"}],"version-history":[{"count":2,"href":"https:\/\/www.tamisage.com\/de\/wp-json\/wp\/v2\/pages\/3743\/revisions"}],"predecessor-version":[{"id":3794,"href":"https:\/\/www.tamisage.com\/de\/wp-json\/wp\/v2\/pages\/3743\/revisions\/3794"}],"wp:attachment":[{"href":"https:\/\/www.tamisage.com\/de\/wp-json\/wp\/v2\/media?parent=3743"}],"curies":[{"name":"wp","href":"https:\/\/api.w.org\/{rel}","templated":true}]}}