{"id":1579,"date":"2022-10-18T13:36:32","date_gmt":"2022-10-18T11:36:32","guid":{"rendered":"https:\/\/www.sodeva.com\/location-machines-decoupe\/"},"modified":"2023-03-04T15:45:29","modified_gmt":"2023-03-04T14:45:29","slug":"showroom","status":"publish","type":"page","link":"https:\/\/www.tamisage.com\/de\/showroom\/","title":{"rendered":"Showroom"},"content":{"rendered":"<p>Auf Ausstellungen oder Messen ist es nicht m\u00f6glich, Ihre Produkte zu testen.<\/p>\n<p>Daher stellen wir Ihnen in unserem Showroom Maschinen zur Verf\u00fcgung, mit denen Sie den Schnitt Ihrer Produkte testen k\u00f6nnen. In einem K\u00fchlraum k\u00f6nnen Sie Ihre Produkte aufbewahren und dann die Schnitttests mit den verschiedenen Klingen durchf\u00fchren, um die besten Schnittkombinationen auszuw\u00e4hlen.<\/p>\n<p>Mithilfe von Waagen k\u00f6nnen die Schnitte mit festem Gewicht \u00fcberpr\u00fcft werden, wobei die Schnittgr\u00f6\u00dfen, Geschwindigkeiten und Temperaturen zur Optimierung analysiert werden.<\/p>\n<p>&nbsp;<\/p>\n<div id=\"attachment_550\" style=\"width: 310px\" class=\"wp-caption aligncenter\"><img decoding=\"async\" aria-describedby=\"caption-attachment-550\" class=\"size-medium wp-image-550\" src=\"https:\/\/www.tamisage.com\/wp-content\/uploads\/2022\/10\/location-machines-300x126.jpg\" alt=\"Location Machines\" width=\"300\" height=\"126\" srcset=\"https:\/\/www.tamisage.com\/wp-content\/uploads\/2022\/10\/location-machines-300x126.jpg 300w, https:\/\/www.tamisage.com\/wp-content\/uploads\/2022\/10\/location-machines.jpg 602w\" sizes=\"(max-width: 300px) 100vw, 300px\" \/><p id=\"caption-attachment-550\" class=\"wp-caption-text\">Showroom<\/p><\/div>\n","protected":false},"excerpt":{"rendered":"<p>Auf Ausstellungen oder Messen ist es nicht m\u00f6glich, Ihre Produkte zu testen. Daher stellen wir Ihnen in unserem Showroom Maschinen zur Verf\u00fcgung, mit denen Sie den Schnitt Ihrer Produkte testen k\u00f6nnen. In einem K\u00fchlraum k\u00f6nnen Sie Ihre Produkte aufbewahren und dann die Schnitttests mit den verschiedenen Klingen durchf\u00fchren, um die besten Schnittkombinationen auszuw\u00e4hlen. Mithilfe von [&hellip;]<\/p>\n","protected":false},"author":1,"featured_media":0,"parent":0,"menu_order":0,"comment_status":"closed","ping_status":"closed","template":"","meta":{"_acf_changed":false,"footnotes":""},"class_list":["post-1579","page","type-page","status-publish","hentry"],"acf":[],"_links":{"self":[{"href":"https:\/\/www.tamisage.com\/de\/wp-json\/wp\/v2\/pages\/1579","targetHints":{"allow":["GET"]}}],"collection":[{"href":"https:\/\/www.tamisage.com\/de\/wp-json\/wp\/v2\/pages"}],"about":[{"href":"https:\/\/www.tamisage.com\/de\/wp-json\/wp\/v2\/types\/page"}],"author":[{"embeddable":true,"href":"https:\/\/www.tamisage.com\/de\/wp-json\/wp\/v2\/users\/1"}],"replies":[{"embeddable":true,"href":"https:\/\/www.tamisage.com\/de\/wp-json\/wp\/v2\/comments?post=1579"}],"version-history":[{"count":4,"href":"https:\/\/www.tamisage.com\/de\/wp-json\/wp\/v2\/pages\/1579\/revisions"}],"predecessor-version":[{"id":2369,"href":"https:\/\/www.tamisage.com\/de\/wp-json\/wp\/v2\/pages\/1579\/revisions\/2369"}],"wp:attachment":[{"href":"https:\/\/www.tamisage.com\/de\/wp-json\/wp\/v2\/media?parent=1579"}],"curies":[{"name":"wp","href":"https:\/\/api.w.org\/{rel}","templated":true}]}}